{"id":72,"date":"2016-12-13T13:18:01","date_gmt":"2016-12-13T12:18:01","guid":{"rendered":"http:\/\/www.excellentel.com\/privat\/?page_id=72"},"modified":"2025-06-26T13:22:04","modified_gmt":"2025-06-26T11:22:04","slug":"start","status":"publish","type":"page","link":"https:\/\/www.excellentel.com\/privat\/","title":{"rendered":"Start"},"content":{"rendered":"","protected":false},"excerpt":{"rendered":"","protected":false},"author":1,"featured_media":0,"parent":0,"menu_order":0,"comment_status":"closed","ping_status":"closed","template":"","meta":{"_monsterinsights_skip_tracking":false,"_monsterinsights_sitenote_active":false,"_monsterinsights_sitenote_note":"","_monsterinsights_sitenote_category":0,"footnotes":""},"class_list":["post-72","page","type-page","status-publish","hentry"],"yoast_head":"<!-- This site is optimized with the Yoast SEO plugin v24.3 - https:\/\/yoast.com\/wordpress\/plugins\/seo\/ -->\n<title>Elektriker f\u00f6r privatpersoner i G\u00f6teborg | Excellent El<\/title>\n<meta name=\"description\" content=\"Beh\u00f6ver du hj\u00e4lp med el hemma? Vi hj\u00e4lper dig med elinstallation, fels\u00f6kning, belysning, laddboxar och mycket mer \u2013 snabbt och s\u00e4kert i G\u00f6teborg.\" \/>\n<meta name=\"robots\" content=\"index, follow, max-snippet:-1, max-image-preview:large, max-video-preview:-1\" \/>\n<link rel=\"canonical\" href=\"https:\/\/www.excellentel.com\/privat\/\" \/>\n<meta property=\"og:locale\" content=\"sv_SE\" \/>\n<meta property=\"og:type\" content=\"article\" \/>\n<meta property=\"og:title\" content=\"Elektriker f\u00f6r privatpersoner i G\u00f6teborg | Excellent El\" \/>\n<meta property=\"og:description\" content=\"Beh\u00f6ver du hj\u00e4lp med el hemma? Vi hj\u00e4lper dig med elinstallation, fels\u00f6kning, belysning, laddboxar och mycket mer \u2013 snabbt och s\u00e4kert i G\u00f6teborg.\" \/>\n<meta property=\"og:url\" content=\"https:\/\/www.excellentel.com\/privat\/\" \/>\n<meta property=\"og:site_name\" content=\"Privat\" \/>\n<meta property=\"article:modified_time\" content=\"2025-06-26T11:22:04+00:00\" \/>\n<script type=\"application\/ld+json\" class=\"yoast-schema-graph\">{\"@context\":\"https:\/\/schema.org\",\"@graph\":[{\"@type\":\"WebPage\",\"@id\":\"https:\/\/www.excellentel.com\/privat\/\",\"url\":\"https:\/\/www.excellentel.com\/privat\/\",\"name\":\"Elektriker f\u00f6r privatpersoner i G\u00f6teborg | Excellent El\",\"isPartOf\":{\"@id\":\"https:\/\/www.excellentel.com\/privat\/#website\"},\"datePublished\":\"2016-12-13T12:18:01+00:00\",\"dateModified\":\"2025-06-26T11:22:04+00:00\",\"description\":\"Beh\u00f6ver du hj\u00e4lp med el hemma? Vi hj\u00e4lper dig med elinstallation, fels\u00f6kning, belysning, laddboxar och mycket mer \u2013 snabbt och s\u00e4kert i G\u00f6teborg.\",\"breadcrumb\":{\"@id\":\"https:\/\/www.excellentel.com\/privat\/#breadcrumb\"},\"inLanguage\":\"sv-SE\",\"potentialAction\":[{\"@type\":\"ReadAction\",\"target\":[\"https:\/\/www.excellentel.com\/privat\/\"]}]},{\"@type\":\"BreadcrumbList\",\"@id\":\"https:\/\/www.excellentel.com\/privat\/#breadcrumb\",\"itemListElement\":[{\"@type\":\"ListItem\",\"position\":1,\"name\":\"Hem\",\"item\":\"https:\/\/www.excellentel.com\/privat\/\"},{\"@type\":\"ListItem\",\"position\":2,\"name\":\"Start\"}]},{\"@type\":\"WebSite\",\"@id\":\"https:\/\/www.excellentel.com\/privat\/#website\",\"url\":\"https:\/\/www.excellentel.com\/privat\/\",\"name\":\"Privat\",\"description\":\"\",\"potentialAction\":[{\"@type\":\"SearchAction\",\"target\":{\"@type\":\"EntryPoint\",\"urlTemplate\":\"https:\/\/www.excellentel.com\/privat\/?s={search_term_string}\"},\"query-input\":{\"@type\":\"PropertyValueSpecification\",\"valueRequired\":true,\"valueName\":\"search_term_string\"}}],\"inLanguage\":\"sv-SE\"}]}<\/script>\n<!-- \/ Yoast SEO plugin. -->","yoast_head_json":{"title":"Elektriker f\u00f6r privatpersoner i G\u00f6teborg | Excellent El","description":"Beh\u00f6ver du hj\u00e4lp med el hemma? Vi hj\u00e4lper dig med elinstallation, fels\u00f6kning, belysning, laddboxar och mycket mer \u2013 snabbt och s\u00e4kert i G\u00f6teborg.","robots":{"index":"index","follow":"follow","max-snippet":"max-snippet:-1","max-image-preview":"max-image-preview:large","max-video-preview":"max-video-preview:-1"},"canonical":"https:\/\/www.excellentel.com\/privat\/","og_locale":"sv_SE","og_type":"article","og_title":"Elektriker f\u00f6r privatpersoner i G\u00f6teborg | Excellent El","og_description":"Beh\u00f6ver du hj\u00e4lp med el hemma? Vi hj\u00e4lper dig med elinstallation, fels\u00f6kning, belysning, laddboxar och mycket mer \u2013 snabbt och s\u00e4kert i G\u00f6teborg.","og_url":"https:\/\/www.excellentel.com\/privat\/","og_site_name":"Privat","article_modified_time":"2025-06-26T11:22:04+00:00","schema":{"@context":"https:\/\/schema.org","@graph":[{"@type":"WebPage","@id":"https:\/\/www.excellentel.com\/privat\/","url":"https:\/\/www.excellentel.com\/privat\/","name":"Elektriker f\u00f6r privatpersoner i G\u00f6teborg | Excellent El","isPartOf":{"@id":"https:\/\/www.excellentel.com\/privat\/#website"},"datePublished":"2016-12-13T12:18:01+00:00","dateModified":"2025-06-26T11:22:04+00:00","description":"Beh\u00f6ver du hj\u00e4lp med el hemma? Vi hj\u00e4lper dig med elinstallation, fels\u00f6kning, belysning, laddboxar och mycket mer \u2013 snabbt och s\u00e4kert i G\u00f6teborg.","breadcrumb":{"@id":"https:\/\/www.excellentel.com\/privat\/#breadcrumb"},"inLanguage":"sv-SE","potentialAction":[{"@type":"ReadAction","target":["https:\/\/www.excellentel.com\/privat\/"]}]},{"@type":"BreadcrumbList","@id":"https:\/\/www.excellentel.com\/privat\/#breadcrumb","itemListElement":[{"@type":"ListItem","position":1,"name":"Hem","item":"https:\/\/www.excellentel.com\/privat\/"},{"@type":"ListItem","position":2,"name":"Start"}]},{"@type":"WebSite","@id":"https:\/\/www.excellentel.com\/privat\/#website","url":"https:\/\/www.excellentel.com\/privat\/","name":"Privat","description":"","potentialAction":[{"@type":"SearchAction","target":{"@type":"EntryPoint","urlTemplate":"https:\/\/www.excellentel.com\/privat\/?s={search_term_string}"},"query-input":{"@type":"PropertyValueSpecification","valueRequired":true,"valueName":"search_term_string"}}],"inLanguage":"sv-SE"}]}},"_links":{"self":[{"href":"https:\/\/www.excellentel.com\/privat\/wp-json\/wp\/v2\/pages\/72","targetHints":{"allow":["GET"]}}],"collection":[{"href":"https:\/\/www.excellentel.com\/privat\/wp-json\/wp\/v2\/pages"}],"about":[{"href":"https:\/\/www.excellentel.com\/privat\/wp-json\/wp\/v2\/types\/page"}],"author":[{"embeddable":true,"href":"https:\/\/www.excellentel.com\/privat\/wp-json\/wp\/v2\/users\/1"}],"replies":[{"embeddable":true,"href":"https:\/\/www.excellentel.com\/privat\/wp-json\/wp\/v2\/comments?post=72"}],"version-history":[{"count":1,"href":"https:\/\/www.excellentel.com\/privat\/wp-json\/wp\/v2\/pages\/72\/revisions"}],"predecessor-version":[{"id":73,"href":"https:\/\/www.excellentel.com\/privat\/wp-json\/wp\/v2\/pages\/72\/revisions\/73"}],"wp:attachment":[{"href":"https:\/\/www.excellentel.com\/privat\/wp-json\/wp\/v2\/media?parent=72"}],"curies":[{"name":"wp","href":"https:\/\/api.w.org\/{rel}","templated":true}]}}