{"id":20,"date":"2015-04-05T00:10:07","date_gmt":"2015-04-04T22:10:07","guid":{"rendered":"http:\/\/excellentel.seodesignab.se\/privat\/?page_id=20"},"modified":"2025-06-26T13:24:46","modified_gmt":"2025-06-26T11:24:46","slug":"om-oss","status":"publish","type":"page","link":"https:\/\/www.excellentel.com\/privat\/om-oss\/","title":{"rendered":"Om oss"},"content":{"rendered":"<p>F\u00f6retaget har i huvudsak f\u00f6ljande verksamhetsgrenar:El, Tele\/data, Projektering samt Elservice. De olika verksamheterna sys ihop allt mer i de olika projekt vi deltar i. Det \u00e4r d\u00e5 en styrka att vi kan ta totalansvar fr\u00e5n projektering till \u00f6verl\u00e4mnad anl\u00e4ggning, inom samtliga omr\u00e5den. Vi \u00e4r d\u00e4rmed en l\u00f6nsam partner som har ett helhetsperspektiv p\u00e5 de olika projekt vi f\u00e5r f\u00f6rtroende att medverka i. F\u00f6retaget omfattar idag 18 heltidsanst\u00e4llda elektriker och projektledare med verksamhet i V\u00e4stsverige.<\/p>\n<p><img loading=\"lazy\" decoding=\"async\" class=\"alignnone wp-image-22 size-full\" src=\"https:\/\/www.excellentel.com\/privat\/wp-content\/blog.dir\/sites\/2\/2015\/04\/office1.png\" alt=\"office1\" width=\"251\" height=\"163\" \/><img loading=\"lazy\" decoding=\"async\" class=\"alignnone wp-image-21 size-full\" src=\"https:\/\/www.excellentel.com\/privat\/wp-content\/blog.dir\/sites\/2\/2015\/04\/office2.png\" alt=\"office2\" width=\"252\" height=\"163\" \/><\/p>\n","protected":false},"excerpt":{"rendered":"<p>F\u00f6retaget har i huvudsak f\u00f6ljande verksamhetsgrenar:El, Tele\/data, Projektering samt Elservice. De olika verksamheterna sys ihop allt mer i de olika projekt vi deltar i. Det \u00e4r d\u00e5 en styrka att vi kan ta totalansvar fr\u00e5n projektering till \u00f6verl\u00e4mnad anl\u00e4ggning, inom samtliga omr\u00e5den. Vi \u00e4r d\u00e4rmed en l\u00f6nsam partner som har ett helhetsperspektiv p\u00e5 de olika [&hellip;]<\/p>\n","protected":false},"author":1,"featured_media":0,"parent":0,"menu_order":0,"comment_status":"open","ping_status":"open","template":"","meta":{"_monsterinsights_skip_tracking":false,"_monsterinsights_sitenote_active":false,"_monsterinsights_sitenote_note":"","_monsterinsights_sitenote_category":0,"footnotes":""},"class_list":["post-20","page","type-page","status-publish","hentry"],"yoast_head":"<!-- This site is optimized with the Yoast SEO plugin v24.3 - https:\/\/yoast.com\/wordpress\/plugins\/seo\/ -->\n<title>Om Excellent El i G\u00f6teborg | Vi hj\u00e4lper dig med elen hemma<\/title>\n<meta name=\"description\" content=\"Vi p\u00e5 Excellent El skapar flexibla och smidiga l\u00f6sningar f\u00f6r just ert \u00e4ndam\u00e5l, oavsett st\u00f6rre renoveringsprojekt eller elinstallationer.\" \/>\n<meta name=\"robots\" content=\"index, follow, max-snippet:-1, max-image-preview:large, max-video-preview:-1\" \/>\n<link rel=\"canonical\" href=\"https:\/\/www.excellentel.com\/privat\/om-oss\/\" \/>\n<meta property=\"og:locale\" content=\"sv_SE\" \/>\n<meta property=\"og:type\" content=\"article\" \/>\n<meta property=\"og:title\" content=\"Om Excellent El i G\u00f6teborg | Vi hj\u00e4lper dig med elen hemma\" \/>\n<meta property=\"og:description\" content=\"Vi p\u00e5 Excellent El skapar flexibla och smidiga l\u00f6sningar f\u00f6r just ert \u00e4ndam\u00e5l, oavsett st\u00f6rre renoveringsprojekt eller elinstallationer.\" \/>\n<meta property=\"og:url\" content=\"https:\/\/www.excellentel.com\/privat\/om-oss\/\" \/>\n<meta property=\"og:site_name\" content=\"Privat\" \/>\n<meta property=\"article:modified_time\" content=\"2025-06-26T11:24:46+00:00\" \/>\n<meta property=\"og:image\" content=\"https:\/\/www.excellentel.com\/privat\/wp-content\/blog.dir\/sites\/2\/2015\/04\/office1.png\" \/>\n\t<meta property=\"og:image:width\" content=\"251\" \/>\n\t<meta property=\"og:image:height\" content=\"163\" \/>\n\t<meta property=\"og:image:type\" content=\"image\/png\" \/>\n<meta name=\"twitter:label1\" content=\"Ber\u00e4knad l\u00e4stid\" \/>\n\t<meta name=\"twitter:data1\" content=\"1 minut\" \/>\n<script type=\"application\/ld+json\" class=\"yoast-schema-graph\">{\"@context\":\"https:\/\/schema.org\",\"@graph\":[{\"@type\":\"WebPage\",\"@id\":\"https:\/\/www.excellentel.com\/privat\/om-oss\/\",\"url\":\"https:\/\/www.excellentel.com\/privat\/om-oss\/\",\"name\":\"Om Excellent El i G\u00f6teborg | Vi hj\u00e4lper dig med elen hemma\",\"isPartOf\":{\"@id\":\"https:\/\/www.excellentel.com\/privat\/#website\"},\"primaryImageOfPage\":{\"@id\":\"https:\/\/www.excellentel.com\/privat\/om-oss\/#primaryimage\"},\"image\":{\"@id\":\"https:\/\/www.excellentel.com\/privat\/om-oss\/#primaryimage\"},\"thumbnailUrl\":\"https:\/\/www.excellentel.com\/privat\/wp-content\/blog.dir\/sites\/2\/2015\/04\/office1.png\",\"datePublished\":\"2015-04-04T22:10:07+00:00\",\"dateModified\":\"2025-06-26T11:24:46+00:00\",\"description\":\"Vi p\u00e5 Excellent El skapar flexibla och smidiga l\u00f6sningar f\u00f6r just ert \u00e4ndam\u00e5l, oavsett st\u00f6rre renoveringsprojekt eller elinstallationer.\",\"breadcrumb\":{\"@id\":\"https:\/\/www.excellentel.com\/privat\/om-oss\/#breadcrumb\"},\"inLanguage\":\"sv-SE\",\"potentialAction\":[{\"@type\":\"ReadAction\",\"target\":[\"https:\/\/www.excellentel.com\/privat\/om-oss\/\"]}]},{\"@type\":\"ImageObject\",\"inLanguage\":\"sv-SE\",\"@id\":\"https:\/\/www.excellentel.com\/privat\/om-oss\/#primaryimage\",\"url\":\"https:\/\/www.excellentel.com\/privat\/wp-content\/blog.dir\/sites\/2\/2015\/04\/office1.png\",\"contentUrl\":\"https:\/\/www.excellentel.com\/privat\/wp-content\/blog.dir\/sites\/2\/2015\/04\/office1.png\",\"width\":251,\"height\":163},{\"@type\":\"BreadcrumbList\",\"@id\":\"https:\/\/www.excellentel.com\/privat\/om-oss\/#breadcrumb\",\"itemListElement\":[{\"@type\":\"ListItem\",\"position\":1,\"name\":\"Hem\",\"item\":\"https:\/\/www.excellentel.com\/privat\/\"},{\"@type\":\"ListItem\",\"position\":2,\"name\":\"Om oss\"}]},{\"@type\":\"WebSite\",\"@id\":\"https:\/\/www.excellentel.com\/privat\/#website\",\"url\":\"https:\/\/www.excellentel.com\/privat\/\",\"name\":\"Privat\",\"description\":\"\",\"potentialAction\":[{\"@type\":\"SearchAction\",\"target\":{\"@type\":\"EntryPoint\",\"urlTemplate\":\"https:\/\/www.excellentel.com\/privat\/?s={search_term_string}\"},\"query-input\":{\"@type\":\"PropertyValueSpecification\",\"valueRequired\":true,\"valueName\":\"search_term_string\"}}],\"inLanguage\":\"sv-SE\"}]}<\/script>\n<!-- \/ Yoast SEO plugin. -->","yoast_head_json":{"title":"Om Excellent El i G\u00f6teborg | Vi hj\u00e4lper dig med elen hemma","description":"Vi p\u00e5 Excellent El skapar flexibla och smidiga l\u00f6sningar f\u00f6r just ert \u00e4ndam\u00e5l, oavsett st\u00f6rre renoveringsprojekt eller elinstallationer.","robots":{"index":"index","follow":"follow","max-snippet":"max-snippet:-1","max-image-preview":"max-image-preview:large","max-video-preview":"max-video-preview:-1"},"canonical":"https:\/\/www.excellentel.com\/privat\/om-oss\/","og_locale":"sv_SE","og_type":"article","og_title":"Om Excellent El i G\u00f6teborg | Vi hj\u00e4lper dig med elen hemma","og_description":"Vi p\u00e5 Excellent El skapar flexibla och smidiga l\u00f6sningar f\u00f6r just ert \u00e4ndam\u00e5l, oavsett st\u00f6rre renoveringsprojekt eller elinstallationer.","og_url":"https:\/\/www.excellentel.com\/privat\/om-oss\/","og_site_name":"Privat","article_modified_time":"2025-06-26T11:24:46+00:00","og_image":[{"width":251,"height":163,"url":"https:\/\/www.excellentel.com\/privat\/wp-content\/blog.dir\/sites\/2\/2015\/04\/office1.png","type":"image\/png"}],"twitter_misc":{"Ber\u00e4knad l\u00e4stid":"1 minut"},"schema":{"@context":"https:\/\/schema.org","@graph":[{"@type":"WebPage","@id":"https:\/\/www.excellentel.com\/privat\/om-oss\/","url":"https:\/\/www.excellentel.com\/privat\/om-oss\/","name":"Om Excellent El i G\u00f6teborg | Vi hj\u00e4lper dig med elen hemma","isPartOf":{"@id":"https:\/\/www.excellentel.com\/privat\/#website"},"primaryImageOfPage":{"@id":"https:\/\/www.excellentel.com\/privat\/om-oss\/#primaryimage"},"image":{"@id":"https:\/\/www.excellentel.com\/privat\/om-oss\/#primaryimage"},"thumbnailUrl":"https:\/\/www.excellentel.com\/privat\/wp-content\/blog.dir\/sites\/2\/2015\/04\/office1.png","datePublished":"2015-04-04T22:10:07+00:00","dateModified":"2025-06-26T11:24:46+00:00","description":"Vi p\u00e5 Excellent El skapar flexibla och smidiga l\u00f6sningar f\u00f6r just ert \u00e4ndam\u00e5l, oavsett st\u00f6rre renoveringsprojekt eller elinstallationer.","breadcrumb":{"@id":"https:\/\/www.excellentel.com\/privat\/om-oss\/#breadcrumb"},"inLanguage":"sv-SE","potentialAction":[{"@type":"ReadAction","target":["https:\/\/www.excellentel.com\/privat\/om-oss\/"]}]},{"@type":"ImageObject","inLanguage":"sv-SE","@id":"https:\/\/www.excellentel.com\/privat\/om-oss\/#primaryimage","url":"https:\/\/www.excellentel.com\/privat\/wp-content\/blog.dir\/sites\/2\/2015\/04\/office1.png","contentUrl":"https:\/\/www.excellentel.com\/privat\/wp-content\/blog.dir\/sites\/2\/2015\/04\/office1.png","width":251,"height":163},{"@type":"BreadcrumbList","@id":"https:\/\/www.excellentel.com\/privat\/om-oss\/#breadcrumb","itemListElement":[{"@type":"ListItem","position":1,"name":"Hem","item":"https:\/\/www.excellentel.com\/privat\/"},{"@type":"ListItem","position":2,"name":"Om oss"}]},{"@type":"WebSite","@id":"https:\/\/www.excellentel.com\/privat\/#website","url":"https:\/\/www.excellentel.com\/privat\/","name":"Privat","description":"","potentialAction":[{"@type":"SearchAction","target":{"@type":"EntryPoint","urlTemplate":"https:\/\/www.excellentel.com\/privat\/?s={search_term_string}"},"query-input":{"@type":"PropertyValueSpecification","valueRequired":true,"valueName":"search_term_string"}}],"inLanguage":"sv-SE"}]}},"_links":{"self":[{"href":"https:\/\/www.excellentel.com\/privat\/wp-json\/wp\/v2\/pages\/20","targetHints":{"allow":["GET"]}}],"collection":[{"href":"https:\/\/www.excellentel.com\/privat\/wp-json\/wp\/v2\/pages"}],"about":[{"href":"https:\/\/www.excellentel.com\/privat\/wp-json\/wp\/v2\/types\/page"}],"author":[{"embeddable":true,"href":"https:\/\/www.excellentel.com\/privat\/wp-json\/wp\/v2\/users\/1"}],"replies":[{"embeddable":true,"href":"https:\/\/www.excellentel.com\/privat\/wp-json\/wp\/v2\/comments?post=20"}],"version-history":[{"count":7,"href":"https:\/\/www.excellentel.com\/privat\/wp-json\/wp\/v2\/pages\/20\/revisions"}],"predecessor-version":[{"id":65,"href":"https:\/\/www.excellentel.com\/privat\/wp-json\/wp\/v2\/pages\/20\/revisions\/65"}],"wp:attachment":[{"href":"https:\/\/www.excellentel.com\/privat\/wp-json\/wp\/v2\/media?parent=20"}],"curies":[{"name":"wp","href":"https:\/\/api.w.org\/{rel}","templated":true}]}}