{"id":21,"date":"2015-04-09T08:54:09","date_gmt":"2015-04-09T06:54:09","guid":{"rendered":"http:\/\/excellentel.seodesignab.se\/foretag\/?page_id=21"},"modified":"2025-06-26T13:27:54","modified_gmt":"2025-06-26T11:27:54","slug":"elkonstruktion","status":"publish","type":"page","link":"https:\/\/www.excellentel.com\/foretag\/elkonstruktion\/","title":{"rendered":"Elkonstruktion"},"content":{"rendered":"<p>I v\u00e5r str\u00e4van att vara aff\u00e4rsutvecklande och kostnadseffektiva har vi inom f\u00f6retaget en konstruktionsavdelning som jobbar t\u00e4tt ihop med v\u00e5ra projektledare. De blir inblandade redan i framtagandet av budget f\u00f6r att s\u00e5 tidigt som m\u00f6jligt omfamna och h\u00e5lla ihop projektet. Genom att l\u00e5ta nyckelpersoner bidra tidigt i projekten m\u00f6jligg\u00f6r vi att \u00f6vertr\u00e4ffa er f\u00f6rv\u00e4ntan.<\/p>\n<p><strong>Det \u00e4r genom prestigel\u00f6s samverkan vi skapar l\u00e5ngsiktiga relationer<\/strong><\/p>\n<p>Kontakt konstruktion:<\/p>\n<p><a href=\"http:\/\/excellentel.seodesignab.se\/foretag\/wp-content\/blog.dir\/sites\/3\/2015\/06\/stefan-jakobsson.jpg\"><img loading=\"lazy\" decoding=\"async\" class=\"alignnone wp-image-106\" src=\"http:\/\/excellentel.seodesignab.se\/foretag\/wp-content\/blog.dir\/sites\/3\/2015\/06\/stefan-jakobsson-300x300.jpg\" alt=\"stefan-jakobsson\" width=\"200\" height=\"200\" srcset=\"https:\/\/www.excellentel.com\/foretag\/wp-content\/blog.dir\/sites\/3\/2015\/06\/stefan-jakobsson-300x300.jpg 300w, https:\/\/www.excellentel.com\/foretag\/wp-content\/blog.dir\/sites\/3\/2015\/06\/stefan-jakobsson-150x150.jpg 150w, https:\/\/www.excellentel.com\/foretag\/wp-content\/blog.dir\/sites\/3\/2015\/06\/stefan-jakobsson.jpg 600w\" sizes=\"auto, (max-width: 200px) 100vw, 200px\" \/><\/a><\/p>\n<h5 style=\"max-width: 200px\"><span class=\"heading\">STEFAN JAKOBSSON<\/span><\/h5>\n<p>Telefon: 0704-25 99 47<br \/>\nE-post: <a href=\"mailto:stefan.jacobsson@excellentel.com\" target=\"_top\">stefan.jakobsson@excellentel.com<\/a><\/p>\n","protected":false},"excerpt":{"rendered":"<p>I v\u00e5r str\u00e4van att vara aff\u00e4rsutvecklande och kostnadseffektiva har vi inom f\u00f6retaget en konstruktionsavdelning som jobbar t\u00e4tt ihop med v\u00e5ra projektledare. De blir inblandade redan i framtagandet av budget f\u00f6r att s\u00e5 tidigt som m\u00f6jligt omfamna och h\u00e5lla ihop projektet. Genom att l\u00e5ta nyckelpersoner bidra tidigt i projekten m\u00f6jligg\u00f6r vi att \u00f6vertr\u00e4ffa er f\u00f6rv\u00e4ntan. Det [&hellip;]<\/p>\n","protected":false},"author":1,"featured_media":0,"parent":0,"menu_order":0,"comment_status":"open","ping_status":"closed","template":"","meta":{"_monsterinsights_skip_tracking":false,"_monsterinsights_sitenote_active":false,"_monsterinsights_sitenote_note":"","_monsterinsights_sitenote_category":0,"footnotes":""},"class_list":["post-21","page","type-page","status-publish","hentry"],"yoast_head":"<!-- This site is optimized with the Yoast SEO plugin v24.3 - https:\/\/yoast.com\/wordpress\/plugins\/seo\/ -->\n<title>Elkonstruktion i G\u00f6teborg \u2013 Projektering &amp; ritningar | Excellent El<\/title>\n<meta name=\"description\" content=\"Vi erbjuder elkonstruktion f\u00f6r nybyggnad och ombyggnad \u2013 elritningar, dimensionering och projektering av elkraft, belysning och styrsystem i G\u00f6teborg.\" \/>\n<meta name=\"robots\" content=\"index, follow, max-snippet:-1, max-image-preview:large, max-video-preview:-1\" \/>\n<link rel=\"canonical\" href=\"https:\/\/www.excellentel.com\/foretag\/elkonstruktion\/\" \/>\n<meta property=\"og:locale\" content=\"sv_SE\" \/>\n<meta property=\"og:type\" content=\"article\" \/>\n<meta property=\"og:title\" content=\"Elkonstruktion i G\u00f6teborg \u2013 Projektering &amp; ritningar | Excellent El\" \/>\n<meta property=\"og:description\" content=\"Vi erbjuder elkonstruktion f\u00f6r nybyggnad och ombyggnad \u2013 elritningar, dimensionering och projektering av elkraft, belysning och styrsystem i G\u00f6teborg.\" \/>\n<meta property=\"og:url\" content=\"https:\/\/www.excellentel.com\/foretag\/elkonstruktion\/\" \/>\n<meta property=\"og:site_name\" content=\"F\u00f6retag\" \/>\n<meta property=\"article:modified_time\" content=\"2025-06-26T11:27:54+00:00\" \/>\n<meta property=\"og:image\" content=\"https:\/\/www.excellentel.com\/foretag\/wp-content\/blog.dir\/sites\/3\/2015\/06\/stefan-jakobsson.jpg\" \/>\n\t<meta property=\"og:image:width\" content=\"600\" \/>\n\t<meta property=\"og:image:height\" content=\"600\" \/>\n\t<meta property=\"og:image:type\" content=\"image\/jpeg\" \/>\n<meta name=\"twitter:label1\" content=\"Ber\u00e4knad l\u00e4stid\" \/>\n\t<meta name=\"twitter:data1\" content=\"1 minut\" \/>\n<script type=\"application\/ld+json\" class=\"yoast-schema-graph\">{\"@context\":\"https:\/\/schema.org\",\"@graph\":[{\"@type\":\"WebPage\",\"@id\":\"https:\/\/www.excellentel.com\/foretag\/elkonstruktion\/\",\"url\":\"https:\/\/www.excellentel.com\/foretag\/elkonstruktion\/\",\"name\":\"Elkonstruktion i G\u00f6teborg \u2013 Projektering & ritningar | Excellent El\",\"isPartOf\":{\"@id\":\"https:\/\/www.excellentel.com\/foretag\/#website\"},\"primaryImageOfPage\":{\"@id\":\"https:\/\/www.excellentel.com\/foretag\/elkonstruktion\/#primaryimage\"},\"image\":{\"@id\":\"https:\/\/www.excellentel.com\/foretag\/elkonstruktion\/#primaryimage\"},\"thumbnailUrl\":\"http:\/\/excellentel.seodesignab.se\/foretag\/wp-content\/blog.dir\/sites\/3\/2015\/06\/stefan-jakobsson-300x300.jpg\",\"datePublished\":\"2015-04-09T06:54:09+00:00\",\"dateModified\":\"2025-06-26T11:27:54+00:00\",\"description\":\"Vi erbjuder elkonstruktion f\u00f6r nybyggnad och ombyggnad \u2013 elritningar, dimensionering och projektering av elkraft, belysning och styrsystem i G\u00f6teborg.\",\"breadcrumb\":{\"@id\":\"https:\/\/www.excellentel.com\/foretag\/elkonstruktion\/#breadcrumb\"},\"inLanguage\":\"sv-SE\",\"potentialAction\":[{\"@type\":\"ReadAction\",\"target\":[\"https:\/\/www.excellentel.com\/foretag\/elkonstruktion\/\"]}]},{\"@type\":\"ImageObject\",\"inLanguage\":\"sv-SE\",\"@id\":\"https:\/\/www.excellentel.com\/foretag\/elkonstruktion\/#primaryimage\",\"url\":\"http:\/\/excellentel.seodesignab.se\/foretag\/wp-content\/blog.dir\/sites\/3\/2015\/06\/stefan-jakobsson-300x300.jpg\",\"contentUrl\":\"http:\/\/excellentel.seodesignab.se\/foretag\/wp-content\/blog.dir\/sites\/3\/2015\/06\/stefan-jakobsson-300x300.jpg\"},{\"@type\":\"BreadcrumbList\",\"@id\":\"https:\/\/www.excellentel.com\/foretag\/elkonstruktion\/#breadcrumb\",\"itemListElement\":[{\"@type\":\"ListItem\",\"position\":1,\"name\":\"Hem\",\"item\":\"https:\/\/www.excellentel.com\/foretag\/\"},{\"@type\":\"ListItem\",\"position\":2,\"name\":\"Elkonstruktion\"}]},{\"@type\":\"WebSite\",\"@id\":\"https:\/\/www.excellentel.com\/foretag\/#website\",\"url\":\"https:\/\/www.excellentel.com\/foretag\/\",\"name\":\"Excellent El\",\"description\":\"\",\"publisher\":{\"@id\":\"https:\/\/www.excellentel.com\/foretag\/#organization\"},\"potentialAction\":[{\"@type\":\"SearchAction\",\"target\":{\"@type\":\"EntryPoint\",\"urlTemplate\":\"https:\/\/www.excellentel.com\/foretag\/?s={search_term_string}\"},\"query-input\":{\"@type\":\"PropertyValueSpecification\",\"valueRequired\":true,\"valueName\":\"search_term_string\"}}],\"inLanguage\":\"sv-SE\"},{\"@type\":\"Organization\",\"@id\":\"https:\/\/www.excellentel.com\/foretag\/#organization\",\"name\":\"Excellent El\",\"url\":\"https:\/\/www.excellentel.com\/foretag\/\",\"logo\":{\"@type\":\"ImageObject\",\"inLanguage\":\"sv-SE\",\"@id\":\"https:\/\/www.excellentel.com\/foretag\/#\/schema\/logo\/image\/\",\"url\":\"https:\/\/www.excellentel.com\/foretag\/wp-content\/blog.dir\/sites\/3\/2025\/03\/logo_excellent_el.png\",\"contentUrl\":\"https:\/\/www.excellentel.com\/foretag\/wp-content\/blog.dir\/sites\/3\/2025\/03\/logo_excellent_el.png\",\"width\":263,\"height\":62,\"caption\":\"Excellent El\"},\"image\":{\"@id\":\"https:\/\/www.excellentel.com\/foretag\/#\/schema\/logo\/image\/\"}}]}<\/script>\n<!-- \/ Yoast SEO plugin. -->","yoast_head_json":{"title":"Elkonstruktion i G\u00f6teborg \u2013 Projektering & ritningar | Excellent El","description":"Vi erbjuder elkonstruktion f\u00f6r nybyggnad och ombyggnad \u2013 elritningar, dimensionering och projektering av elkraft, belysning och styrsystem i G\u00f6teborg.","robots":{"index":"index","follow":"follow","max-snippet":"max-snippet:-1","max-image-preview":"max-image-preview:large","max-video-preview":"max-video-preview:-1"},"canonical":"https:\/\/www.excellentel.com\/foretag\/elkonstruktion\/","og_locale":"sv_SE","og_type":"article","og_title":"Elkonstruktion i G\u00f6teborg \u2013 Projektering & ritningar | Excellent El","og_description":"Vi erbjuder elkonstruktion f\u00f6r nybyggnad och ombyggnad \u2013 elritningar, dimensionering och projektering av elkraft, belysning och styrsystem i G\u00f6teborg.","og_url":"https:\/\/www.excellentel.com\/foretag\/elkonstruktion\/","og_site_name":"F\u00f6retag","article_modified_time":"2025-06-26T11:27:54+00:00","og_image":[{"width":600,"height":600,"url":"https:\/\/www.excellentel.com\/foretag\/wp-content\/blog.dir\/sites\/3\/2015\/06\/stefan-jakobsson.jpg","type":"image\/jpeg"}],"twitter_misc":{"Ber\u00e4knad l\u00e4stid":"1 minut"},"schema":{"@context":"https:\/\/schema.org","@graph":[{"@type":"WebPage","@id":"https:\/\/www.excellentel.com\/foretag\/elkonstruktion\/","url":"https:\/\/www.excellentel.com\/foretag\/elkonstruktion\/","name":"Elkonstruktion i G\u00f6teborg \u2013 Projektering & ritningar | Excellent El","isPartOf":{"@id":"https:\/\/www.excellentel.com\/foretag\/#website"},"primaryImageOfPage":{"@id":"https:\/\/www.excellentel.com\/foretag\/elkonstruktion\/#primaryimage"},"image":{"@id":"https:\/\/www.excellentel.com\/foretag\/elkonstruktion\/#primaryimage"},"thumbnailUrl":"http:\/\/excellentel.seodesignab.se\/foretag\/wp-content\/blog.dir\/sites\/3\/2015\/06\/stefan-jakobsson-300x300.jpg","datePublished":"2015-04-09T06:54:09+00:00","dateModified":"2025-06-26T11:27:54+00:00","description":"Vi erbjuder elkonstruktion f\u00f6r nybyggnad och ombyggnad \u2013 elritningar, dimensionering och projektering av elkraft, belysning och styrsystem i G\u00f6teborg.","breadcrumb":{"@id":"https:\/\/www.excellentel.com\/foretag\/elkonstruktion\/#breadcrumb"},"inLanguage":"sv-SE","potentialAction":[{"@type":"ReadAction","target":["https:\/\/www.excellentel.com\/foretag\/elkonstruktion\/"]}]},{"@type":"ImageObject","inLanguage":"sv-SE","@id":"https:\/\/www.excellentel.com\/foretag\/elkonstruktion\/#primaryimage","url":"http:\/\/excellentel.seodesignab.se\/foretag\/wp-content\/blog.dir\/sites\/3\/2015\/06\/stefan-jakobsson-300x300.jpg","contentUrl":"http:\/\/excellentel.seodesignab.se\/foretag\/wp-content\/blog.dir\/sites\/3\/2015\/06\/stefan-jakobsson-300x300.jpg"},{"@type":"BreadcrumbList","@id":"https:\/\/www.excellentel.com\/foretag\/elkonstruktion\/#breadcrumb","itemListElement":[{"@type":"ListItem","position":1,"name":"Hem","item":"https:\/\/www.excellentel.com\/foretag\/"},{"@type":"ListItem","position":2,"name":"Elkonstruktion"}]},{"@type":"WebSite","@id":"https:\/\/www.excellentel.com\/foretag\/#website","url":"https:\/\/www.excellentel.com\/foretag\/","name":"Excellent El","description":"","publisher":{"@id":"https:\/\/www.excellentel.com\/foretag\/#organization"},"potentialAction":[{"@type":"SearchAction","target":{"@type":"EntryPoint","urlTemplate":"https:\/\/www.excellentel.com\/foretag\/?s={search_term_string}"},"query-input":{"@type":"PropertyValueSpecification","valueRequired":true,"valueName":"search_term_string"}}],"inLanguage":"sv-SE"},{"@type":"Organization","@id":"https:\/\/www.excellentel.com\/foretag\/#organization","name":"Excellent El","url":"https:\/\/www.excellentel.com\/foretag\/","logo":{"@type":"ImageObject","inLanguage":"sv-SE","@id":"https:\/\/www.excellentel.com\/foretag\/#\/schema\/logo\/image\/","url":"https:\/\/www.excellentel.com\/foretag\/wp-content\/blog.dir\/sites\/3\/2025\/03\/logo_excellent_el.png","contentUrl":"https:\/\/www.excellentel.com\/foretag\/wp-content\/blog.dir\/sites\/3\/2025\/03\/logo_excellent_el.png","width":263,"height":62,"caption":"Excellent El"},"image":{"@id":"https:\/\/www.excellentel.com\/foretag\/#\/schema\/logo\/image\/"}}]}},"_links":{"self":[{"href":"https:\/\/www.excellentel.com\/foretag\/wp-json\/wp\/v2\/pages\/21","targetHints":{"allow":["GET"]}}],"collection":[{"href":"https:\/\/www.excellentel.com\/foretag\/wp-json\/wp\/v2\/pages"}],"about":[{"href":"https:\/\/www.excellentel.com\/foretag\/wp-json\/wp\/v2\/types\/page"}],"author":[{"embeddable":true,"href":"https:\/\/www.excellentel.com\/foretag\/wp-json\/wp\/v2\/users\/1"}],"replies":[{"embeddable":true,"href":"https:\/\/www.excellentel.com\/foretag\/wp-json\/wp\/v2\/comments?post=21"}],"version-history":[{"count":14,"href":"https:\/\/www.excellentel.com\/foretag\/wp-json\/wp\/v2\/pages\/21\/revisions"}],"predecessor-version":[{"id":118,"href":"https:\/\/www.excellentel.com\/foretag\/wp-json\/wp\/v2\/pages\/21\/revisions\/118"}],"wp:attachment":[{"href":"https:\/\/www.excellentel.com\/foretag\/wp-json\/wp\/v2\/media?parent=21"}],"curies":[{"name":"wp","href":"https:\/\/api.w.org\/{rel}","templated":true}]}}